{"id":17,"date":"2023-07-25T03:19:53","date_gmt":"2023-07-25T01:19:53","guid":{"rendered":"https:\/\/www.sifem.it\/?page_id=17"},"modified":"2024-03-04T08:50:29","modified_gmt":"2024-03-04T07:50:29","slug":"societa","status":"publish","type":"page","link":"https:\/\/www.sifem.it\/it\/societa\/","title":{"rendered":"la societ\u00e0"},"content":{"rendered":"\t\t<div data-elementor-type=\"wp-page\" data-elementor-id=\"17\" class=\"elementor elementor-17\">\n\t\t\t\t\t\t\t\t\t<section class=\"elementor-section elementor-top-section elementor-element elementor-element-20bf6d2 elementor-section-boxed elementor-section-height-default elementor-section-height-default elementor-invisible\" data-id=\"20bf6d2\" data-element_type=\"section\" data-settings=\"{&quot;animation&quot;:&quot;fadeInUp&quot;}\">\n\t\t\t\t\t\t<div class=\"elementor-container elementor-column-gap-default\">\n\t\t\t\t\t<div class=\"elementor-column elementor-col-100 elementor-top-column elementor-element elementor-element-4c3f8df\" data-id=\"4c3f8df\" data-element_type=\"column\">\n\t\t\t<div class=\"elementor-widget-wrap elementor-element-populated\">\n\t\t\t\t\t\t\t\t<div class=\"elementor-element elementor-element-0ae1076 elementor-widget elementor-widget-heading\" data-id=\"0ae1076\" data-element_type=\"widget\" data-widget_type=\"heading.default\">\n\t\t\t\t<div class=\"elementor-widget-container\">\n\t\t\t<style>\/*! elementor - v3.14.0 - 26-06-2023 *\/\n.elementor-heading-title{padding:0;margin:0;line-height:1}.elementor-widget-heading .elementor-heading-title[class*=elementor-size-]>a{color:inherit;font-size:inherit;line-height:inherit}.elementor-widget-heading .elementor-heading-title.elementor-size-small{font-size:15px}.elementor-widget-heading .elementor-heading-title.elementor-size-medium{font-size:19px}.elementor-widget-heading .elementor-heading-title.elementor-size-large{font-size:29px}.elementor-widget-heading .elementor-heading-title.elementor-size-xl{font-size:39px}.elementor-widget-heading .elementor-heading-title.elementor-size-xxl{font-size:59px}<\/style><h2 class=\"elementor-heading-title elementor-size-default\">DAL 1994, L'ECCELLENZA<\/h2>\t\t<\/div>\n\t\t\t\t<\/div>\n\t\t\t\t<div class=\"elementor-element elementor-element-2cb6011 elementor-widget elementor-widget-heading\" data-id=\"2cb6011\" data-element_type=\"widget\" data-widget_type=\"heading.default\">\n\t\t\t\t<div class=\"elementor-widget-container\">\n\t\t\t<h2 class=\"elementor-heading-title elementor-size-default\">NEL PROCUREMENT<\/h2>\t\t<\/div>\n\t\t\t\t<\/div>\n\t\t\t\t\t<\/div>\n\t\t<\/div>\n\t\t\t\t\t\t\t<\/div>\n\t\t<\/section>\n\t\t\t\t<section class=\"elementor-section elementor-top-section elementor-element elementor-element-2f0fe06 elementor-section-full_width elementor-section-height-default elementor-section-height-default elementor-invisible\" data-id=\"2f0fe06\" data-element_type=\"section\" data-settings=\"{&quot;background_background&quot;:&quot;classic&quot;,&quot;animation&quot;:&quot;fadeInUp&quot;}\">\n\t\t\t\t\t\t<div class=\"elementor-container elementor-column-gap-default\">\n\t\t\t\t\t<div class=\"elementor-column elementor-col-100 elementor-top-column elementor-element elementor-element-6797763\" data-id=\"6797763\" data-element_type=\"column\">\n\t\t\t<div class=\"elementor-widget-wrap elementor-element-populated\">\n\t\t\t\t\t\t\t\t<div class=\"elementor-element elementor-element-060f0ce elementor-widget elementor-widget-image\" data-id=\"060f0ce\" data-element_type=\"widget\" data-widget_type=\"image.default\">\n\t\t\t\t<div class=\"elementor-widget-container\">\n\t\t\t<style>\/*! elementor - v3.14.0 - 26-06-2023 *\/\n.elementor-widget-image{text-align:center}.elementor-widget-image a{display:inline-block}.elementor-widget-image a img[src$=\".svg\"]{width:48px}.elementor-widget-image img{vertical-align:middle;display:inline-block}<\/style>\t\t\t\t\t\t\t\t\t\t\t\t<img loading=\"lazy\" decoding=\"async\" width=\"2560\" height=\"824\" src=\"https:\/\/www.sifem.it\/wp-content\/uploads\/2024\/01\/lasocieta-scaled-e1706003844593.jpg\" class=\"attachment-full size-full wp-image-2437\" alt=\"\" srcset=\"https:\/\/www.sifem.it\/wp-content\/uploads\/2024\/01\/lasocieta-scaled-e1706003844593.jpg 2560w, https:\/\/www.sifem.it\/wp-content\/uploads\/2024\/01\/lasocieta-scaled-e1706003844593-300x97.jpg 300w, https:\/\/www.sifem.it\/wp-content\/uploads\/2024\/01\/lasocieta-scaled-e1706003844593-1024x330.jpg 1024w, https:\/\/www.sifem.it\/wp-content\/uploads\/2024\/01\/lasocieta-scaled-e1706003844593-768x247.jpg 768w, https:\/\/www.sifem.it\/wp-content\/uploads\/2024\/01\/lasocieta-scaled-e1706003844593-1536x494.jpg 1536w, https:\/\/www.sifem.it\/wp-content\/uploads\/2024\/01\/lasocieta-scaled-e1706003844593-2048x659.jpg 2048w\" sizes=\"auto, (max-width: 2560px) 100vw, 2560px\" \/>\t\t\t\t\t\t\t\t\t\t\t\t\t\t\t<\/div>\n\t\t\t\t<\/div>\n\t\t\t\t\t<\/div>\n\t\t<\/div>\n\t\t\t\t\t\t\t<\/div>\n\t\t<\/section>\n\t\t\t\t<section class=\"elementor-section elementor-top-section elementor-element elementor-element-7698834 elementor-section-full_width elementor-section-height-default elementor-section-height-default elementor-invisible\" data-id=\"7698834\" data-element_type=\"section\" data-settings=\"{&quot;animation&quot;:&quot;fadeInUp&quot;}\">\n\t\t\t\t\t\t<div class=\"elementor-container elementor-column-gap-default\">\n\t\t\t\t\t<div class=\"elementor-column elementor-col-50 elementor-top-column elementor-element elementor-element-a9c5978\" data-id=\"a9c5978\" data-element_type=\"column\" data-settings=\"{&quot;background_background&quot;:&quot;classic&quot;}\">\n\t\t\t<div class=\"elementor-widget-wrap elementor-element-populated\">\n\t\t\t\t\t\t\t\t<div class=\"elementor-element elementor-element-ed0c4d0 elementor-widget elementor-widget-spacer\" data-id=\"ed0c4d0\" data-element_type=\"widget\" data-widget_type=\"spacer.default\">\n\t\t\t\t<div class=\"elementor-widget-container\">\n\t\t\t<style>\/*! elementor - v3.14.0 - 26-06-2023 *\/\n.elementor-column .elementor-spacer-inner{height:var(--spacer-size)}.e-con{--container-widget-width:100%}.e-con-inner>.elementor-widget-spacer,.e-con>.elementor-widget-spacer{width:var(--container-widget-width,var(--spacer-size));--align-self:var(--container-widget-align-self,initial);--flex-shrink:0}.e-con-inner>.elementor-widget-spacer>.elementor-widget-container,.e-con-inner>.elementor-widget-spacer>.elementor-widget-container>.elementor-spacer,.e-con>.elementor-widget-spacer>.elementor-widget-container,.e-con>.elementor-widget-spacer>.elementor-widget-container>.elementor-spacer{height:100%}.e-con-inner>.elementor-widget-spacer>.elementor-widget-container>.elementor-spacer>.elementor-spacer-inner,.e-con>.elementor-widget-spacer>.elementor-widget-container>.elementor-spacer>.elementor-spacer-inner{height:var(--container-widget-height,var(--spacer-size))}<\/style>\t\t<div class=\"elementor-spacer\">\n\t\t\t<div class=\"elementor-spacer-inner\"><\/div>\n\t\t<\/div>\n\t\t\t\t<\/div>\n\t\t\t\t<\/div>\n\t\t\t\t\t<\/div>\n\t\t<\/div>\n\t\t\t\t<div class=\"elementor-column elementor-col-50 elementor-top-column elementor-element elementor-element-f24a0a9\" data-id=\"f24a0a9\" data-element_type=\"column\">\n\t\t\t<div class=\"elementor-widget-wrap elementor-element-populated\">\n\t\t\t\t\t\t\t\t<div class=\"elementor-element elementor-element-45bdcdf elementor-widget elementor-widget-heading\" data-id=\"45bdcdf\" data-element_type=\"widget\" data-widget_type=\"heading.default\">\n\t\t\t\t<div class=\"elementor-widget-container\">\n\t\t\t<h2 class=\"elementor-heading-title elementor-size-default\">Una storia di successi<\/h2>\t\t<\/div>\n\t\t\t\t<\/div>\n\t\t\t\t<div class=\"elementor-element elementor-element-38ca280 elementor-widget-divider--view-line elementor-widget elementor-widget-divider\" data-id=\"38ca280\" data-element_type=\"widget\" data-widget_type=\"divider.default\">\n\t\t\t\t<div class=\"elementor-widget-container\">\n\t\t\t<style>\/*! elementor - v3.14.0 - 26-06-2023 *\/\n.elementor-widget-divider{--divider-border-style:none;--divider-border-width:1px;--divider-color:#0c0d0e;--divider-icon-size:20px;--divider-element-spacing:10px;--divider-pattern-height:24px;--divider-pattern-size:20px;--divider-pattern-url:none;--divider-pattern-repeat:repeat-x}.elementor-widget-divider .elementor-divider{display:flex}.elementor-widget-divider .elementor-divider__text{font-size:15px;line-height:1;max-width:95%}.elementor-widget-divider .elementor-divider__element{margin:0 var(--divider-element-spacing);flex-shrink:0}.elementor-widget-divider .elementor-icon{font-size:var(--divider-icon-size)}.elementor-widget-divider .elementor-divider-separator{display:flex;margin:0;direction:ltr}.elementor-widget-divider--view-line_icon .elementor-divider-separator,.elementor-widget-divider--view-line_text .elementor-divider-separator{align-items:center}.elementor-widget-divider--view-line_icon .elementor-divider-separator:after,.elementor-widget-divider--view-line_icon .elementor-divider-separator:before,.elementor-widget-divider--view-line_text .elementor-divider-separator:after,.elementor-widget-divider--view-line_text .elementor-divider-separator:before{display:block;content:\"\";border-bottom:0;flex-grow:1;border-top:var(--divider-border-width) var(--divider-border-style) var(--divider-color)}.elementor-widget-divider--element-align-left .elementor-divider .elementor-divider-separator>.elementor-divider__svg:first-of-type{flex-grow:0;flex-shrink:100}.elementor-widget-divider--element-align-left .elementor-divider-separator:before{content:none}.elementor-widget-divider--element-align-left .elementor-divider__element{margin-left:0}.elementor-widget-divider--element-align-right .elementor-divider .elementor-divider-separator>.elementor-divider__svg:last-of-type{flex-grow:0;flex-shrink:100}.elementor-widget-divider--element-align-right .elementor-divider-separator:after{content:none}.elementor-widget-divider--element-align-right .elementor-divider__element{margin-right:0}.elementor-widget-divider:not(.elementor-widget-divider--view-line_text):not(.elementor-widget-divider--view-line_icon) .elementor-divider-separator{border-top:var(--divider-border-width) var(--divider-border-style) var(--divider-color)}.elementor-widget-divider--separator-type-pattern{--divider-border-style:none}.elementor-widget-divider--separator-type-pattern.elementor-widget-divider--view-line .elementor-divider-separator,.elementor-widget-divider--separator-type-pattern:not(.elementor-widget-divider--view-line) .elementor-divider-separator:after,.elementor-widget-divider--separator-type-pattern:not(.elementor-widget-divider--view-line) .elementor-divider-separator:before,.elementor-widget-divider--separator-type-pattern:not([class*=elementor-widget-divider--view]) .elementor-divider-separator{width:100%;min-height:var(--divider-pattern-height);-webkit-mask-size:var(--divider-pattern-size) 100%;mask-size:var(--divider-pattern-size) 100%;-webkit-mask-repeat:var(--divider-pattern-repeat);mask-repeat:var(--divider-pattern-repeat);background-color:var(--divider-color);-webkit-mask-image:var(--divider-pattern-url);mask-image:var(--divider-pattern-url)}.elementor-widget-divider--no-spacing{--divider-pattern-size:auto}.elementor-widget-divider--bg-round{--divider-pattern-repeat:round}.rtl .elementor-widget-divider .elementor-divider__text{direction:rtl}.e-con-inner>.elementor-widget-divider,.e-con>.elementor-widget-divider{width:var(--container-widget-width,100%);--flex-grow:var(--container-widget-flex-grow)}<\/style>\t\t<div class=\"elementor-divider\">\n\t\t\t<span class=\"elementor-divider-separator\">\n\t\t\t\t\t\t<\/span>\n\t\t<\/div>\n\t\t\t\t<\/div>\n\t\t\t\t<\/div>\n\t\t\t\t<div class=\"elementor-element elementor-element-d01c083 elementor-widget elementor-widget-text-editor\" data-id=\"d01c083\" data-element_type=\"widget\" data-widget_type=\"text-editor.default\">\n\t\t\t\t<div class=\"elementor-widget-container\">\n\t\t\t<style>\/*! elementor - v3.14.0 - 26-06-2023 *\/\n.elementor-widget-text-editor.elementor-drop-cap-view-stacked .elementor-drop-cap{background-color:#69727d;color:#fff}.elementor-widget-text-editor.elementor-drop-cap-view-framed .elementor-drop-cap{color:#69727d;border:3px solid;background-color:transparent}.elementor-widget-text-editor:not(.elementor-drop-cap-view-default) .elementor-drop-cap{margin-top:8px}.elementor-widget-text-editor:not(.elementor-drop-cap-view-default) .elementor-drop-cap-letter{width:1em;height:1em}.elementor-widget-text-editor .elementor-drop-cap{float:left;text-align:center;line-height:1;font-size:50px}.elementor-widget-text-editor .elementor-drop-cap-letter{display:inline-block}<\/style>\t\t\t\t<p><b>Siamo una societ\u00e0 di approvvigionamento globale in grado di offrire forniture e servizi in tutti i settori industriali, in conformit\u00e0 con i pi\u00f9 elevati standard di qualit\u00e0.<\/b><\/p><p>Individuiamo rapidamente, in ogni parte del mondo, tutti i prodotti necessari per garantire le migliori forniture, per i settori petrolifero, petrolchimico, industriale, trattamento acque ed energetico.<\/p><p style=\"font-weight: 400;\">Grazie alla nostra ampia rete di fornitori siamo sempre in grado di reperire prodotti\u00a0conformi agli standard di qualit\u00e0 richiesti\u00a0o, nel caso, di farli realizzare se non pi\u00f9 disponibili sul mercato.\u00a0<\/p><p style=\"font-weight: 400;\">Per vostra garanzia, gestiamo in modo efficiente e innovativo i processi aziendali con la piattaforma SAP.<\/p><p style=\"font-weight: 400;\">Tutto questo significa per voi tempi certi e rapidi, costi sotto controllo e nussun compromesso sulla qualit\u00e0. Risultato: una totale &#8220;peace of mind&#8221;.\u00a0<\/p>\t\t\t\t\t\t<\/div>\n\t\t\t\t<\/div>\n\t\t\t\t\t<\/div>\n\t\t<\/div>\n\t\t\t\t\t\t\t<\/div>\n\t\t<\/section>\n\t\t\t\t<section class=\"elementor-section elementor-top-section elementor-element elementor-element-526f4cb loghi elementor-section-boxed elementor-section-height-default elementor-section-height-default\" data-id=\"526f4cb\" data-element_type=\"section\">\n\t\t\t\t\t\t<div class=\"elementor-container elementor-column-gap-default\">\n\t\t\t\t\t<div class=\"elementor-column elementor-col-100 elementor-top-column elementor-element elementor-element-dc02ca5\" data-id=\"dc02ca5\" data-element_type=\"column\">\n\t\t\t<div class=\"elementor-widget-wrap elementor-element-populated\">\n\t\t\t\t\t\t\t\t<div class=\"elementor-element elementor-element-8fa3c0a elementor-widget elementor-widget-heading\" data-id=\"8fa3c0a\" data-element_type=\"widget\" data-widget_type=\"heading.default\">\n\t\t\t\t<div class=\"elementor-widget-container\">\n\t\t\t<h2 class=\"elementor-heading-title elementor-size-default\">Partnership \ndi successo<\/h2>\t\t<\/div>\n\t\t\t\t<\/div>\n\t\t\t\t<div class=\"elementor-element elementor-element-09e896b elementor-widget elementor-widget-spacer\" data-id=\"09e896b\" data-element_type=\"widget\" data-widget_type=\"spacer.default\">\n\t\t\t\t<div class=\"elementor-widget-container\">\n\t\t\t\t\t<div class=\"elementor-spacer\">\n\t\t\t<div class=\"elementor-spacer-inner\"><\/div>\n\t\t<\/div>\n\t\t\t\t<\/div>\n\t\t\t\t<\/div>\n\t\t\t\t<div class=\"elementor-element elementor-element-0d20ca3 elementor-widget__width-inherit elementor-widget elementor-widget-image-carousel\" data-id=\"0d20ca3\" data-element_type=\"widget\" data-settings=\"{&quot;slides_to_show&quot;:&quot;6&quot;,&quot;navigation&quot;:&quot;none&quot;,&quot;pause_on_hover&quot;:&quot;no&quot;,&quot;pause_on_interaction&quot;:&quot;no&quot;,&quot;autoplay_speed&quot;:2000,&quot;autoplay&quot;:&quot;yes&quot;,&quot;infinite&quot;:&quot;yes&quot;,&quot;speed&quot;:500}\" data-widget_type=\"image-carousel.default\">\n\t\t\t\t<div class=\"elementor-widget-container\">\n\t\t\t<style>\/*! elementor - v3.14.0 - 26-06-2023 *\/\n.elementor-widget-image-carousel .swiper,.elementor-widget-image-carousel .swiper-container{position:static}.elementor-widget-image-carousel .swiper-container .swiper-slide figure,.elementor-widget-image-carousel .swiper .swiper-slide figure{line-height:inherit}.elementor-widget-image-carousel .swiper-slide{text-align:center}.elementor-image-carousel-wrapper:not(.swiper-container-initialized):not(.swiper-initialized) .swiper-slide{max-width:calc(100% \/ var(--e-image-carousel-slides-to-show, 3))}<\/style>\t\t<div class=\"elementor-image-carousel-wrapper swiper\" dir=\"ltr\">\n\t\t\t<div class=\"elementor-image-carousel swiper-wrapper\" aria-live=\"off\">\n\t\t\t\t\t\t\t\t<div class=\"swiper-slide\" role=\"group\" aria-roledescription=\"slide\" aria-label=\"1 of 12\"><figure class=\"swiper-slide-inner\"><img decoding=\"async\" class=\"swiper-slide-image\" src=\"https:\/\/www.sifem.it\/wp-content\/uploads\/2024\/01\/Bapco-2.png\" alt=\"Bapco\" \/><\/figure><\/div><div class=\"swiper-slide\" role=\"group\" aria-roledescription=\"slide\" aria-label=\"2 of 12\"><figure class=\"swiper-slide-inner\"><img decoding=\"async\" class=\"swiper-slide-image\" src=\"https:\/\/www.sifem.it\/wp-content\/uploads\/2024\/01\/EGAS-2.png\" alt=\"EGAS\" \/><\/figure><\/div><div class=\"swiper-slide\" role=\"group\" aria-roledescription=\"slide\" aria-label=\"3 of 12\"><figure class=\"swiper-slide-inner\"><img decoding=\"async\" class=\"swiper-slide-image\" src=\"https:\/\/www.sifem.it\/wp-content\/uploads\/2024\/01\/EGPC-2.png\" alt=\"EGPC\" \/><\/figure><\/div><div class=\"swiper-slide\" role=\"group\" aria-roledescription=\"slide\" aria-label=\"4 of 12\"><figure class=\"swiper-slide-inner\"><img decoding=\"async\" class=\"swiper-slide-image\" src=\"https:\/\/www.sifem.it\/wp-content\/uploads\/2024\/01\/Koc-2.png\" alt=\"Koc\" \/><\/figure><\/div><div class=\"swiper-slide\" role=\"group\" aria-roledescription=\"slide\" aria-label=\"5 of 12\"><figure class=\"swiper-slide-inner\"><img decoding=\"async\" class=\"swiper-slide-image\" src=\"https:\/\/www.sifem.it\/wp-content\/uploads\/2024\/01\/Libya-Noc-2.png\" alt=\"Libya Noc\" \/><\/figure><\/div><div class=\"swiper-slide\" role=\"group\" aria-roledescription=\"slide\" aria-label=\"6 of 12\"><figure class=\"swiper-slide-inner\"><img decoding=\"async\" class=\"swiper-slide-image\" src=\"https:\/\/www.sifem.it\/wp-content\/uploads\/2024\/01\/QuaterEnergy-2.png\" alt=\"QuaterEnergy\" \/><\/figure><\/div><div class=\"swiper-slide\" role=\"group\" aria-roledescription=\"slide\" aria-label=\"7 of 12\"><figure class=\"swiper-slide-inner\"><img decoding=\"async\" class=\"swiper-slide-image\" src=\"https:\/\/www.sifem.it\/wp-content\/uploads\/2024\/01\/Sabic-2.png\" alt=\"Sabic\" \/><\/figure><\/div><div class=\"swiper-slide\" role=\"group\" aria-roledescription=\"slide\" aria-label=\"8 of 12\"><figure class=\"swiper-slide-inner\"><img decoding=\"async\" class=\"swiper-slide-image\" src=\"https:\/\/www.sifem.it\/wp-content\/uploads\/2024\/01\/Saipem-2.png\" alt=\"Saipem\" \/><\/figure><\/div><div class=\"swiper-slide\" role=\"group\" aria-roledescription=\"slide\" aria-label=\"9 of 12\"><figure class=\"swiper-slide-inner\"><img decoding=\"async\" class=\"swiper-slide-image\" src=\"https:\/\/www.sifem.it\/wp-content\/uploads\/2024\/01\/Snam-2.png\" alt=\"Snam\" \/><\/figure><\/div><div class=\"swiper-slide\" role=\"group\" aria-roledescription=\"slide\" aria-label=\"10 of 12\"><figure class=\"swiper-slide-inner\"><img decoding=\"async\" class=\"swiper-slide-image\" src=\"https:\/\/www.sifem.it\/wp-content\/uploads\/2024\/01\/Sonatrach-2.png\" alt=\"Sonatrach\" \/><\/figure><\/div><div class=\"swiper-slide\" role=\"group\" aria-roledescription=\"slide\" aria-label=\"11 of 12\"><figure class=\"swiper-slide-inner\"><img decoding=\"async\" class=\"swiper-slide-image\" src=\"https:\/\/www.sifem.it\/wp-content\/uploads\/2024\/01\/Swcc-2.png\" alt=\"Swcc\" \/><\/figure><\/div><div class=\"swiper-slide\" role=\"group\" aria-roledescription=\"slide\" aria-label=\"12 of 12\"><figure class=\"swiper-slide-inner\"><img decoding=\"async\" class=\"swiper-slide-image\" src=\"https:\/\/www.sifem.it\/wp-content\/uploads\/2024\/02\/Eni-1.png\" alt=\"Eni\" \/><\/figure><\/div>\t\t\t<\/div>\n\t\t\t\t\t\t\t\n\t\t\t\t\t\t\t\t\t<\/div>\n\t\t\t\t<\/div>\n\t\t\t\t<\/div>\n\t\t\t\t\t<\/div>\n\t\t<\/div>\n\t\t\t\t\t\t\t<\/div>\n\t\t<\/section>\n\t\t\t\t\t\t\t<\/div>\n\t\t","protected":false},"excerpt":{"rendered":"<p>DAL 1994, L&#8217;ECCELLENZA NEL PROCUREMENT Una storia di successi Siamo una societ\u00e0 di approvvigionamento globale in grado di offrire forniture e servizi in tutti i settori industriali, in conformit\u00e0 con i pi\u00f9 elevati standard di qualit\u00e0. Individuiamo rapidamente, in ogni parte del mondo, tutti i prodotti necessari per garantire le migliori forniture, per i settori [&hellip;]<\/p>\n","protected":false},"author":1,"featured_media":0,"parent":0,"menu_order":0,"comment_status":"closed","ping_status":"closed","template":"","meta":{"footnotes":""},"class_list":["post-17","page","type-page","status-publish","hentry"],"yoast_head":"<!-- This site is optimized with the Yoast SEO plugin v20.11 - https:\/\/yoast.com\/wordpress\/plugins\/seo\/ -->\n<title>Forniture per i settori petrolifero, energetico ed industriale | Sifem<\/title>\n<meta name=\"description\" content=\"Sifem seleziona le migliori forniture per i settori petrolifero, industriale, trattamento acque ed energetico da tutto il mondo.\" \/>\n<meta name=\"robots\" content=\"index, follow, max-snippet:-1, max-image-preview:large, max-video-preview:-1\" \/>\n<link rel=\"canonical\" href=\"https:\/\/www.sifem.it\/societa\/\" \/>\n<meta property=\"og:locale\" content=\"it_IT\" \/>\n<meta property=\"og:type\" content=\"article\" \/>\n<meta property=\"og:title\" content=\"Forniture per i settori petrolifero, energetico ed industriale | Sifem\" \/>\n<meta property=\"og:description\" content=\"Sifem seleziona le migliori forniture per i settori petrolifero, industriale, trattamento acque ed energetico da tutto il mondo.\" \/>\n<meta property=\"og:url\" content=\"https:\/\/www.sifem.it\/societa\/\" \/>\n<meta property=\"og:site_name\" content=\"Sifem\" \/>\n<meta property=\"article:modified_time\" content=\"2024-03-04T07:50:29+00:00\" \/>\n<meta property=\"og:image\" content=\"http:\/\/www.sifem.it\/wp-content\/uploads\/2024\/01\/lasocieta-scaled-e1706003844593.jpg\" \/>\n<meta name=\"twitter:card\" content=\"summary_large_image\" \/>\n<meta name=\"twitter:label1\" content=\"Tempo di lettura stimato\" \/>\n\t<meta name=\"twitter:data1\" content=\"4 minuti\" \/>\n<script type=\"application\/ld+json\" class=\"yoast-schema-graph\">{\"@context\":\"https:\/\/schema.org\",\"@graph\":[{\"@type\":\"WebPage\",\"@id\":\"https:\/\/www.sifem.it\/societa\/\",\"url\":\"https:\/\/www.sifem.it\/societa\/\",\"name\":\"Forniture per i settori petrolifero, energetico ed industriale | Sifem\",\"isPartOf\":{\"@id\":\"https:\/\/www.sifem.it\/#website\"},\"datePublished\":\"2023-07-25T01:19:53+00:00\",\"dateModified\":\"2024-03-04T07:50:29+00:00\",\"description\":\"Sifem seleziona le migliori forniture per i settori petrolifero, industriale, trattamento acque ed energetico da tutto il mondo.\",\"breadcrumb\":{\"@id\":\"https:\/\/www.sifem.it\/societa\/#breadcrumb\"},\"inLanguage\":\"it-IT\",\"potentialAction\":[{\"@type\":\"ReadAction\",\"target\":[\"https:\/\/www.sifem.it\/societa\/\"]}]},{\"@type\":\"BreadcrumbList\",\"@id\":\"https:\/\/www.sifem.it\/societa\/#breadcrumb\",\"itemListElement\":[{\"@type\":\"ListItem\",\"position\":1,\"name\":\"Home\",\"item\":\"https:\/\/www.sifem.it\/\"},{\"@type\":\"ListItem\",\"position\":2,\"name\":\"la societ\u00e0\"}]},{\"@type\":\"WebSite\",\"@id\":\"https:\/\/www.sifem.it\/#website\",\"url\":\"https:\/\/www.sifem.it\/\",\"name\":\"Sifem\",\"description\":\"\",\"potentialAction\":[{\"@type\":\"SearchAction\",\"target\":{\"@type\":\"EntryPoint\",\"urlTemplate\":\"https:\/\/www.sifem.it\/?s={search_term_string}\"},\"query-input\":\"required name=search_term_string\"}],\"inLanguage\":\"it-IT\"}]}<\/script>\n<!-- \/ Yoast SEO plugin. -->","yoast_head_json":{"title":"Forniture per i settori petrolifero, energetico ed industriale | Sifem","description":"Sifem seleziona le migliori forniture per i settori petrolifero, industriale, trattamento acque ed energetico da tutto il mondo.","robots":{"index":"index","follow":"follow","max-snippet":"max-snippet:-1","max-image-preview":"max-image-preview:large","max-video-preview":"max-video-preview:-1"},"canonical":"https:\/\/www.sifem.it\/societa\/","og_locale":"it_IT","og_type":"article","og_title":"Forniture per i settori petrolifero, energetico ed industriale | Sifem","og_description":"Sifem seleziona le migliori forniture per i settori petrolifero, industriale, trattamento acque ed energetico da tutto il mondo.","og_url":"https:\/\/www.sifem.it\/societa\/","og_site_name":"Sifem","article_modified_time":"2024-03-04T07:50:29+00:00","og_image":[{"url":"http:\/\/www.sifem.it\/wp-content\/uploads\/2024\/01\/lasocieta-scaled-e1706003844593.jpg"}],"twitter_card":"summary_large_image","twitter_misc":{"Tempo di lettura stimato":"4 minuti"},"schema":{"@context":"https:\/\/schema.org","@graph":[{"@type":"WebPage","@id":"https:\/\/www.sifem.it\/societa\/","url":"https:\/\/www.sifem.it\/societa\/","name":"Forniture per i settori petrolifero, energetico ed industriale | Sifem","isPartOf":{"@id":"https:\/\/www.sifem.it\/#website"},"datePublished":"2023-07-25T01:19:53+00:00","dateModified":"2024-03-04T07:50:29+00:00","description":"Sifem seleziona le migliori forniture per i settori petrolifero, industriale, trattamento acque ed energetico da tutto il mondo.","breadcrumb":{"@id":"https:\/\/www.sifem.it\/societa\/#breadcrumb"},"inLanguage":"it-IT","potentialAction":[{"@type":"ReadAction","target":["https:\/\/www.sifem.it\/societa\/"]}]},{"@type":"BreadcrumbList","@id":"https:\/\/www.sifem.it\/societa\/#breadcrumb","itemListElement":[{"@type":"ListItem","position":1,"name":"Home","item":"https:\/\/www.sifem.it\/"},{"@type":"ListItem","position":2,"name":"la societ\u00e0"}]},{"@type":"WebSite","@id":"https:\/\/www.sifem.it\/#website","url":"https:\/\/www.sifem.it\/","name":"Sifem","description":"","potentialAction":[{"@type":"SearchAction","target":{"@type":"EntryPoint","urlTemplate":"https:\/\/www.sifem.it\/?s={search_term_string}"},"query-input":"required name=search_term_string"}],"inLanguage":"it-IT"}]}},"_hostinger_reach_plugin_has_subscription_block":false,"_hostinger_reach_plugin_is_elementor":false,"_links":{"self":[{"href":"https:\/\/www.sifem.it\/it\/wp-json\/wp\/v2\/pages\/17","targetHints":{"allow":["GET"]}}],"collection":[{"href":"https:\/\/www.sifem.it\/it\/wp-json\/wp\/v2\/pages"}],"about":[{"href":"https:\/\/www.sifem.it\/it\/wp-json\/wp\/v2\/types\/page"}],"author":[{"embeddable":true,"href":"https:\/\/www.sifem.it\/it\/wp-json\/wp\/v2\/users\/1"}],"replies":[{"embeddable":true,"href":"https:\/\/www.sifem.it\/it\/wp-json\/wp\/v2\/comments?post=17"}],"version-history":[{"count":215,"href":"https:\/\/www.sifem.it\/it\/wp-json\/wp\/v2\/pages\/17\/revisions"}],"predecessor-version":[{"id":3129,"href":"https:\/\/www.sifem.it\/it\/wp-json\/wp\/v2\/pages\/17\/revisions\/3129"}],"wp:attachment":[{"href":"https:\/\/www.sifem.it\/it\/wp-json\/wp\/v2\/media?parent=17"}],"curies":[{"name":"wp","href":"https:\/\/api.w.org\/{rel}","templated":true}]}}