{"id":14,"date":"2023-07-25T03:18:46","date_gmt":"2023-07-25T01:18:46","guid":{"rendered":"https:\/\/www.sifem.it\/?page_id=14"},"modified":"2024-03-04T09:10:09","modified_gmt":"2024-03-04T08:10:09","slug":"supporto","status":"publish","type":"page","link":"https:\/\/www.sifem.it\/it\/supporto\/","title":{"rendered":"il nostro supporto"},"content":{"rendered":"\t\t<div data-elementor-type=\"wp-page\" data-elementor-id=\"14\" class=\"elementor elementor-14\">\n\t\t\t\t\t\t\t\t\t<section class=\"elementor-section elementor-top-section elementor-element elementor-element-3427d6a elementor-section-boxed elementor-section-height-default elementor-section-height-default elementor-invisible\" data-id=\"3427d6a\" data-element_type=\"section\" data-settings=\"{&quot;animation&quot;:&quot;fadeInUp&quot;}\">\n\t\t\t\t\t\t<div class=\"elementor-container elementor-column-gap-default\">\n\t\t\t\t\t<div class=\"elementor-column elementor-col-100 elementor-top-column elementor-element elementor-element-5cb00fd\" data-id=\"5cb00fd\" data-element_type=\"column\">\n\t\t\t<div class=\"elementor-widget-wrap elementor-element-populated\">\n\t\t\t\t\t\t\t\t<div class=\"elementor-element elementor-element-95c6355 elementor-widget elementor-widget-heading\" data-id=\"95c6355\" data-element_type=\"widget\" data-widget_type=\"heading.default\">\n\t\t\t\t<div class=\"elementor-widget-container\">\n\t\t\t<style>\/*! elementor - v3.14.0 - 26-06-2023 *\/\n.elementor-heading-title{padding:0;margin:0;line-height:1}.elementor-widget-heading .elementor-heading-title[class*=elementor-size-]>a{color:inherit;font-size:inherit;line-height:inherit}.elementor-widget-heading .elementor-heading-title.elementor-size-small{font-size:15px}.elementor-widget-heading .elementor-heading-title.elementor-size-medium{font-size:19px}.elementor-widget-heading .elementor-heading-title.elementor-size-large{font-size:29px}.elementor-widget-heading .elementor-heading-title.elementor-size-xl{font-size:39px}.elementor-widget-heading .elementor-heading-title.elementor-size-xxl{font-size:59px}<\/style><h2 class=\"elementor-heading-title elementor-size-default\">NOI,<\/h2>\t\t<\/div>\n\t\t\t\t<\/div>\n\t\t\t\t<div class=\"elementor-element elementor-element-2b97611 elementor-widget elementor-widget-heading\" data-id=\"2b97611\" data-element_type=\"widget\" data-widget_type=\"heading.default\">\n\t\t\t\t<div class=\"elementor-widget-container\">\n\t\t\t<h2 class=\"elementor-heading-title elementor-size-default\">UN UNICO FORNITORE<\/h2>\t\t<\/div>\n\t\t\t\t<\/div>\n\t\t\t\t\t<\/div>\n\t\t<\/div>\n\t\t\t\t\t\t\t<\/div>\n\t\t<\/section>\n\t\t\t\t<section class=\"elementor-section elementor-top-section elementor-element elementor-element-7b06dd6 elementor-section-full_width elementor-section-height-default elementor-section-height-default elementor-invisible\" data-id=\"7b06dd6\" data-element_type=\"section\" data-settings=\"{&quot;background_background&quot;:&quot;classic&quot;,&quot;animation&quot;:&quot;fadeInUp&quot;}\">\n\t\t\t\t\t\t<div class=\"elementor-container elementor-column-gap-default\">\n\t\t\t\t\t<div class=\"elementor-column elementor-col-100 elementor-top-column elementor-element elementor-element-6bedc54\" data-id=\"6bedc54\" data-element_type=\"column\">\n\t\t\t<div class=\"elementor-widget-wrap elementor-element-populated\">\n\t\t\t\t\t\t\t\t<div class=\"elementor-element elementor-element-8768ade elementor-widget elementor-widget-image\" data-id=\"8768ade\" data-element_type=\"widget\" data-widget_type=\"image.default\">\n\t\t\t\t<div class=\"elementor-widget-container\">\n\t\t\t<style>\/*! elementor - v3.14.0 - 26-06-2023 *\/\n.elementor-widget-image{text-align:center}.elementor-widget-image a{display:inline-block}.elementor-widget-image a img[src$=\".svg\"]{width:48px}.elementor-widget-image img{vertical-align:middle;display:inline-block}<\/style>\t\t\t\t\t\t\t\t\t\t\t\t<img loading=\"lazy\" decoding=\"async\" width=\"3840\" height=\"1236\" src=\"https:\/\/www.sifem.it\/wp-content\/uploads\/2023\/07\/group-diverse-people-having-business-meeting@2x.png\" class=\"attachment-full size-full wp-image-65\" alt=\"\" srcset=\"https:\/\/www.sifem.it\/wp-content\/uploads\/2023\/07\/group-diverse-people-having-business-meeting@2x.png 3840w, https:\/\/www.sifem.it\/wp-content\/uploads\/2023\/07\/group-diverse-people-having-business-meeting@2x-300x97.png 300w, https:\/\/www.sifem.it\/wp-content\/uploads\/2023\/07\/group-diverse-people-having-business-meeting@2x-1024x330.png 1024w, https:\/\/www.sifem.it\/wp-content\/uploads\/2023\/07\/group-diverse-people-having-business-meeting@2x-768x247.png 768w, https:\/\/www.sifem.it\/wp-content\/uploads\/2023\/07\/group-diverse-people-having-business-meeting@2x-1536x494.png 1536w, https:\/\/www.sifem.it\/wp-content\/uploads\/2023\/07\/group-diverse-people-having-business-meeting@2x-2048x659.png 2048w\" sizes=\"auto, (max-width: 3840px) 100vw, 3840px\" \/>\t\t\t\t\t\t\t\t\t\t\t\t\t\t\t<\/div>\n\t\t\t\t<\/div>\n\t\t\t\t\t<\/div>\n\t\t<\/div>\n\t\t\t\t\t\t\t<\/div>\n\t\t<\/section>\n\t\t\t\t<section class=\"elementor-section elementor-top-section elementor-element elementor-element-418e922 elementor-section-full_width elementor-section-height-default elementor-section-height-default elementor-invisible\" data-id=\"418e922\" data-element_type=\"section\" data-settings=\"{&quot;animation&quot;:&quot;fadeInUp&quot;}\">\n\t\t\t\t\t\t<div class=\"elementor-container elementor-column-gap-default\">\n\t\t\t\t\t<div class=\"elementor-column elementor-col-50 elementor-top-column elementor-element elementor-element-a4f0d7b\" data-id=\"a4f0d7b\" data-element_type=\"column\" data-settings=\"{&quot;background_background&quot;:&quot;classic&quot;}\">\n\t\t\t<div class=\"elementor-widget-wrap elementor-element-populated\">\n\t\t\t\t\t\t\t\t<div class=\"elementor-element elementor-element-68b4d6a elementor-widget elementor-widget-spacer\" data-id=\"68b4d6a\" data-element_type=\"widget\" data-widget_type=\"spacer.default\">\n\t\t\t\t<div class=\"elementor-widget-container\">\n\t\t\t<style>\/*! elementor - v3.14.0 - 26-06-2023 *\/\n.elementor-column .elementor-spacer-inner{height:var(--spacer-size)}.e-con{--container-widget-width:100%}.e-con-inner>.elementor-widget-spacer,.e-con>.elementor-widget-spacer{width:var(--container-widget-width,var(--spacer-size));--align-self:var(--container-widget-align-self,initial);--flex-shrink:0}.e-con-inner>.elementor-widget-spacer>.elementor-widget-container,.e-con-inner>.elementor-widget-spacer>.elementor-widget-container>.elementor-spacer,.e-con>.elementor-widget-spacer>.elementor-widget-container,.e-con>.elementor-widget-spacer>.elementor-widget-container>.elementor-spacer{height:100%}.e-con-inner>.elementor-widget-spacer>.elementor-widget-container>.elementor-spacer>.elementor-spacer-inner,.e-con>.elementor-widget-spacer>.elementor-widget-container>.elementor-spacer>.elementor-spacer-inner{height:var(--container-widget-height,var(--spacer-size))}<\/style>\t\t<div class=\"elementor-spacer\">\n\t\t\t<div class=\"elementor-spacer-inner\"><\/div>\n\t\t<\/div>\n\t\t\t\t<\/div>\n\t\t\t\t<\/div>\n\t\t\t\t\t<\/div>\n\t\t<\/div>\n\t\t\t\t<div class=\"elementor-column elementor-col-50 elementor-top-column elementor-element elementor-element-93ad0e5\" data-id=\"93ad0e5\" data-element_type=\"column\">\n\t\t\t<div class=\"elementor-widget-wrap elementor-element-populated\">\n\t\t\t\t\t\t\t\t<div class=\"elementor-element elementor-element-5f04753 elementor-widget elementor-widget-heading\" data-id=\"5f04753\" data-element_type=\"widget\" data-widget_type=\"heading.default\">\n\t\t\t\t<div class=\"elementor-widget-container\">\n\t\t\t<h2 class=\"elementor-heading-title elementor-size-default\">Consolidare i fornitori in un'unica fonte offre una serie di vantaggi<\/h2>\t\t<\/div>\n\t\t\t\t<\/div>\n\t\t\t\t<div class=\"elementor-element elementor-element-0ab9b6b elementor-widget-divider--view-line elementor-widget elementor-widget-divider\" data-id=\"0ab9b6b\" data-element_type=\"widget\" data-widget_type=\"divider.default\">\n\t\t\t\t<div class=\"elementor-widget-container\">\n\t\t\t<style>\/*! elementor - v3.14.0 - 26-06-2023 *\/\n.elementor-widget-divider{--divider-border-style:none;--divider-border-width:1px;--divider-color:#0c0d0e;--divider-icon-size:20px;--divider-element-spacing:10px;--divider-pattern-height:24px;--divider-pattern-size:20px;--divider-pattern-url:none;--divider-pattern-repeat:repeat-x}.elementor-widget-divider .elementor-divider{display:flex}.elementor-widget-divider .elementor-divider__text{font-size:15px;line-height:1;max-width:95%}.elementor-widget-divider .elementor-divider__element{margin:0 var(--divider-element-spacing);flex-shrink:0}.elementor-widget-divider .elementor-icon{font-size:var(--divider-icon-size)}.elementor-widget-divider .elementor-divider-separator{display:flex;margin:0;direction:ltr}.elementor-widget-divider--view-line_icon .elementor-divider-separator,.elementor-widget-divider--view-line_text .elementor-divider-separator{align-items:center}.elementor-widget-divider--view-line_icon .elementor-divider-separator:after,.elementor-widget-divider--view-line_icon .elementor-divider-separator:before,.elementor-widget-divider--view-line_text .elementor-divider-separator:after,.elementor-widget-divider--view-line_text .elementor-divider-separator:before{display:block;content:\"\";border-bottom:0;flex-grow:1;border-top:var(--divider-border-width) var(--divider-border-style) var(--divider-color)}.elementor-widget-divider--element-align-left .elementor-divider .elementor-divider-separator>.elementor-divider__svg:first-of-type{flex-grow:0;flex-shrink:100}.elementor-widget-divider--element-align-left .elementor-divider-separator:before{content:none}.elementor-widget-divider--element-align-left .elementor-divider__element{margin-left:0}.elementor-widget-divider--element-align-right .elementor-divider .elementor-divider-separator>.elementor-divider__svg:last-of-type{flex-grow:0;flex-shrink:100}.elementor-widget-divider--element-align-right .elementor-divider-separator:after{content:none}.elementor-widget-divider--element-align-right .elementor-divider__element{margin-right:0}.elementor-widget-divider:not(.elementor-widget-divider--view-line_text):not(.elementor-widget-divider--view-line_icon) .elementor-divider-separator{border-top:var(--divider-border-width) var(--divider-border-style) var(--divider-color)}.elementor-widget-divider--separator-type-pattern{--divider-border-style:none}.elementor-widget-divider--separator-type-pattern.elementor-widget-divider--view-line .elementor-divider-separator,.elementor-widget-divider--separator-type-pattern:not(.elementor-widget-divider--view-line) .elementor-divider-separator:after,.elementor-widget-divider--separator-type-pattern:not(.elementor-widget-divider--view-line) .elementor-divider-separator:before,.elementor-widget-divider--separator-type-pattern:not([class*=elementor-widget-divider--view]) .elementor-divider-separator{width:100%;min-height:var(--divider-pattern-height);-webkit-mask-size:var(--divider-pattern-size) 100%;mask-size:var(--divider-pattern-size) 100%;-webkit-mask-repeat:var(--divider-pattern-repeat);mask-repeat:var(--divider-pattern-repeat);background-color:var(--divider-color);-webkit-mask-image:var(--divider-pattern-url);mask-image:var(--divider-pattern-url)}.elementor-widget-divider--no-spacing{--divider-pattern-size:auto}.elementor-widget-divider--bg-round{--divider-pattern-repeat:round}.rtl .elementor-widget-divider .elementor-divider__text{direction:rtl}.e-con-inner>.elementor-widget-divider,.e-con>.elementor-widget-divider{width:var(--container-widget-width,100%);--flex-grow:var(--container-widget-flex-grow)}<\/style>\t\t<div class=\"elementor-divider\">\n\t\t\t<span class=\"elementor-divider-separator\">\n\t\t\t\t\t\t<\/span>\n\t\t<\/div>\n\t\t\t\t<\/div>\n\t\t\t\t<\/div>\n\t\t\t\t<div class=\"elementor-element elementor-element-4b2e430 elementor-widget elementor-widget-text-editor\" data-id=\"4b2e430\" data-element_type=\"widget\" data-widget_type=\"text-editor.default\">\n\t\t\t\t<div class=\"elementor-widget-container\">\n\t\t\t<style>\/*! elementor - v3.14.0 - 26-06-2023 *\/\n.elementor-widget-text-editor.elementor-drop-cap-view-stacked .elementor-drop-cap{background-color:#69727d;color:#fff}.elementor-widget-text-editor.elementor-drop-cap-view-framed .elementor-drop-cap{color:#69727d;border:3px solid;background-color:transparent}.elementor-widget-text-editor:not(.elementor-drop-cap-view-default) .elementor-drop-cap{margin-top:8px}.elementor-widget-text-editor:not(.elementor-drop-cap-view-default) .elementor-drop-cap-letter{width:1em;height:1em}.elementor-widget-text-editor .elementor-drop-cap{float:left;text-align:center;line-height:1;font-size:50px}.elementor-widget-text-editor .elementor-drop-cap-letter{display:inline-block}<\/style>\t\t\t\t<p>Forniamo una vasta gamma di prodotti, di pi\u00f9 categorie. I benefici per la gestione della catena di approvvigionamento dei nostri clienti sono molteplici.<\/p><p>Reperiamo prodotti e fornitori, offriamo condizioni contrattuali pi\u00f9 favorevoli, prezzi pi\u00f9 competitivi, termini di pagamento migliori, gestiamo logistica e formalit\u00e0 doganali.<\/p><p>Un unico fornitore migliora la competitivit\u00e0 complessiva delle nostre aziende clienti. L&#8217;esperienza diretta \u00e8 il modo migliore per apprezzarlo. Contattaci.<\/p>\t\t\t\t\t\t<\/div>\n\t\t\t\t<\/div>\n\t\t\t\t\t<\/div>\n\t\t<\/div>\n\t\t\t\t\t\t\t<\/div>\n\t\t<\/section>\n\t\t\t\t<section class=\"elementor-section elementor-top-section elementor-element elementor-element-51d0d89 elementor-section-boxed elementor-section-height-default elementor-section-height-default elementor-invisible\" data-id=\"51d0d89\" data-element_type=\"section\" data-settings=\"{&quot;background_background&quot;:&quot;classic&quot;,&quot;animation&quot;:&quot;fadeInUp&quot;}\">\n\t\t\t\t\t\t<div class=\"elementor-container elementor-column-gap-default\">\n\t\t\t\t\t<div class=\"elementor-column elementor-col-100 elementor-top-column elementor-element elementor-element-f766d3f elementor-invisible\" data-id=\"f766d3f\" data-element_type=\"column\" data-settings=\"{&quot;background_background&quot;:&quot;classic&quot;,&quot;animation&quot;:&quot;fadeInLeft&quot;}\">\n\t\t\t<div class=\"elementor-widget-wrap elementor-element-populated\">\n\t\t\t\t\t\t\t\t<div class=\"elementor-element elementor-element-72ae2d4 elementor-widget elementor-widget-heading\" data-id=\"72ae2d4\" data-element_type=\"widget\" data-widget_type=\"heading.default\">\n\t\t\t\t<div class=\"elementor-widget-container\">\n\t\t\t<h2 class=\"elementor-heading-title elementor-size-default\">Un sistema di gestione certificato<br>per una\nmaggiore efficienza operativa<\/h2>\t\t<\/div>\n\t\t\t\t<\/div>\n\t\t\t\t<div class=\"elementor-element elementor-element-f18368a elementor-widget-divider--view-line elementor-widget elementor-widget-divider\" data-id=\"f18368a\" data-element_type=\"widget\" data-widget_type=\"divider.default\">\n\t\t\t\t<div class=\"elementor-widget-container\">\n\t\t\t\t\t<div class=\"elementor-divider\">\n\t\t\t<span class=\"elementor-divider-separator\">\n\t\t\t\t\t\t<\/span>\n\t\t<\/div>\n\t\t\t\t<\/div>\n\t\t\t\t<\/div>\n\t\t\t\t<div class=\"elementor-element elementor-element-d0deda1 elementor-widget-laptop__width-initial elementor-widget elementor-widget-text-editor\" data-id=\"d0deda1\" data-element_type=\"widget\" data-widget_type=\"text-editor.default\">\n\t\t\t\t<div class=\"elementor-widget-container\">\n\t\t\t\t\t\t\t<p>Utilizziamo SAP, una piattaformaEnterprise Resource Planning (ERP)<br \/>per automatizzare, integrare e velocizzare i processi aziendali.<\/p>\t\t\t\t\t\t<\/div>\n\t\t\t\t<\/div>\n\t\t\t\t<section class=\"elementor-section elementor-inner-section elementor-element elementor-element-f725b92 elementor-section-full_width elementor-section-height-default elementor-section-height-default\" data-id=\"f725b92\" data-element_type=\"section\">\n\t\t\t\t\t\t<div class=\"elementor-container elementor-column-gap-default\">\n\t\t\t\t\t<div class=\"elementor-column elementor-col-100 elementor-inner-column elementor-element elementor-element-f971620\" data-id=\"f971620\" data-element_type=\"column\">\n\t\t\t<div class=\"elementor-widget-wrap elementor-element-populated\">\n\t\t\t\t\t\t\t\t<div class=\"elementor-element elementor-element-c84830c elementor-widget__width-auto elementor-widget elementor-widget-image\" data-id=\"c84830c\" data-element_type=\"widget\" data-widget_type=\"image.default\">\n\t\t\t\t<div class=\"elementor-widget-container\">\n\t\t\t\t\t\t\t\t\t\t\t\t\t\t\t<img loading=\"lazy\" decoding=\"async\" width=\"461\" height=\"228\" src=\"https:\/\/www.sifem.it\/wp-content\/uploads\/2023\/07\/Layer_1@2x.png\" class=\"attachment-full size-full wp-image-68\" alt=\"\" srcset=\"https:\/\/www.sifem.it\/wp-content\/uploads\/2023\/07\/Layer_1@2x.png 461w, https:\/\/www.sifem.it\/wp-content\/uploads\/2023\/07\/Layer_1@2x-300x148.png 300w\" sizes=\"auto, (max-width: 461px) 100vw, 461px\" \/>\t\t\t\t\t\t\t\t\t\t\t\t\t\t\t<\/div>\n\t\t\t\t<\/div>\n\t\t\t\t\t<\/div>\n\t\t<\/div>\n\t\t\t\t\t\t\t<\/div>\n\t\t<\/section>\n\t\t\t\t\t<\/div>\n\t\t<\/div>\n\t\t\t\t\t\t\t<\/div>\n\t\t<\/section>\n\t\t\t\t\t\t\t<\/div>\n\t\t","protected":false},"excerpt":{"rendered":"<p>NOI, UN UNICO FORNITORE Consolidare i fornitori in un&#8217;unica fonte offre una serie di vantaggi Forniamo una vasta gamma di prodotti, di pi\u00f9 categorie. I benefici per la gestione della catena di approvvigionamento dei nostri clienti sono molteplici. Reperiamo prodotti e fornitori, offriamo condizioni contrattuali pi\u00f9 favorevoli, prezzi pi\u00f9 competitivi, termini di pagamento migliori, gestiamo [&hellip;]<\/p>\n","protected":false},"author":1,"featured_media":0,"parent":0,"menu_order":0,"comment_status":"closed","ping_status":"closed","template":"","meta":{"footnotes":""},"class_list":["post-14","page","type-page","status-publish","hentry"],"yoast_head":"<!-- This site is optimized with the Yoast SEO plugin v20.11 - https:\/\/yoast.com\/wordpress\/plugins\/seo\/ -->\n<title>Un unico fornitore | Sifem<\/title>\n<meta name=\"description\" content=\"Offriamo una vasta gamma di prodotti in diverse categorie, offrendo vantaggi nella gestione della catena di approvvigionamento dei clienti.\" \/>\n<meta name=\"robots\" content=\"index, follow, max-snippet:-1, max-image-preview:large, max-video-preview:-1\" \/>\n<link rel=\"canonical\" href=\"https:\/\/www.sifem.it\/supporto\/\" \/>\n<meta property=\"og:locale\" content=\"it_IT\" \/>\n<meta property=\"og:type\" content=\"article\" \/>\n<meta property=\"og:title\" content=\"Un unico fornitore | Sifem\" \/>\n<meta property=\"og:description\" content=\"Offriamo una vasta gamma di prodotti in diverse categorie, offrendo vantaggi nella gestione della catena di approvvigionamento dei clienti.\" \/>\n<meta property=\"og:url\" content=\"https:\/\/www.sifem.it\/supporto\/\" \/>\n<meta property=\"og:site_name\" content=\"Sifem\" \/>\n<meta property=\"article:modified_time\" content=\"2024-03-04T08:10:09+00:00\" \/>\n<meta property=\"og:image\" content=\"http:\/\/www.sifem.it\/wp-content\/uploads\/2023\/07\/group-diverse-people-having-business-meeting@2x.png\" \/>\n<meta name=\"twitter:card\" content=\"summary_large_image\" \/>\n<meta name=\"twitter:label1\" content=\"Tempo di lettura stimato\" \/>\n\t<meta name=\"twitter:data1\" content=\"1 minuto\" \/>\n<script type=\"application\/ld+json\" class=\"yoast-schema-graph\">{\"@context\":\"https:\/\/schema.org\",\"@graph\":[{\"@type\":\"WebPage\",\"@id\":\"https:\/\/www.sifem.it\/supporto\/\",\"url\":\"https:\/\/www.sifem.it\/supporto\/\",\"name\":\"Un unico fornitore | Sifem\",\"isPartOf\":{\"@id\":\"https:\/\/www.sifem.it\/#website\"},\"datePublished\":\"2023-07-25T01:18:46+00:00\",\"dateModified\":\"2024-03-04T08:10:09+00:00\",\"description\":\"Offriamo una vasta gamma di prodotti in diverse categorie, offrendo vantaggi nella gestione della catena di approvvigionamento dei clienti.\",\"breadcrumb\":{\"@id\":\"https:\/\/www.sifem.it\/supporto\/#breadcrumb\"},\"inLanguage\":\"it-IT\",\"potentialAction\":[{\"@type\":\"ReadAction\",\"target\":[\"https:\/\/www.sifem.it\/supporto\/\"]}]},{\"@type\":\"BreadcrumbList\",\"@id\":\"https:\/\/www.sifem.it\/supporto\/#breadcrumb\",\"itemListElement\":[{\"@type\":\"ListItem\",\"position\":1,\"name\":\"Home\",\"item\":\"https:\/\/www.sifem.it\/\"},{\"@type\":\"ListItem\",\"position\":2,\"name\":\"il nostro supporto\"}]},{\"@type\":\"WebSite\",\"@id\":\"https:\/\/www.sifem.it\/#website\",\"url\":\"https:\/\/www.sifem.it\/\",\"name\":\"Sifem\",\"description\":\"\",\"potentialAction\":[{\"@type\":\"SearchAction\",\"target\":{\"@type\":\"EntryPoint\",\"urlTemplate\":\"https:\/\/www.sifem.it\/?s={search_term_string}\"},\"query-input\":\"required name=search_term_string\"}],\"inLanguage\":\"it-IT\"}]}<\/script>\n<!-- \/ Yoast SEO plugin. -->","yoast_head_json":{"title":"Un unico fornitore | Sifem","description":"Offriamo una vasta gamma di prodotti in diverse categorie, offrendo vantaggi nella gestione della catena di approvvigionamento dei clienti.","robots":{"index":"index","follow":"follow","max-snippet":"max-snippet:-1","max-image-preview":"max-image-preview:large","max-video-preview":"max-video-preview:-1"},"canonical":"https:\/\/www.sifem.it\/supporto\/","og_locale":"it_IT","og_type":"article","og_title":"Un unico fornitore | Sifem","og_description":"Offriamo una vasta gamma di prodotti in diverse categorie, offrendo vantaggi nella gestione della catena di approvvigionamento dei clienti.","og_url":"https:\/\/www.sifem.it\/supporto\/","og_site_name":"Sifem","article_modified_time":"2024-03-04T08:10:09+00:00","og_image":[{"url":"http:\/\/www.sifem.it\/wp-content\/uploads\/2023\/07\/group-diverse-people-having-business-meeting@2x.png"}],"twitter_card":"summary_large_image","twitter_misc":{"Tempo di lettura stimato":"1 minuto"},"schema":{"@context":"https:\/\/schema.org","@graph":[{"@type":"WebPage","@id":"https:\/\/www.sifem.it\/supporto\/","url":"https:\/\/www.sifem.it\/supporto\/","name":"Un unico fornitore | Sifem","isPartOf":{"@id":"https:\/\/www.sifem.it\/#website"},"datePublished":"2023-07-25T01:18:46+00:00","dateModified":"2024-03-04T08:10:09+00:00","description":"Offriamo una vasta gamma di prodotti in diverse categorie, offrendo vantaggi nella gestione della catena di approvvigionamento dei clienti.","breadcrumb":{"@id":"https:\/\/www.sifem.it\/supporto\/#breadcrumb"},"inLanguage":"it-IT","potentialAction":[{"@type":"ReadAction","target":["https:\/\/www.sifem.it\/supporto\/"]}]},{"@type":"BreadcrumbList","@id":"https:\/\/www.sifem.it\/supporto\/#breadcrumb","itemListElement":[{"@type":"ListItem","position":1,"name":"Home","item":"https:\/\/www.sifem.it\/"},{"@type":"ListItem","position":2,"name":"il nostro supporto"}]},{"@type":"WebSite","@id":"https:\/\/www.sifem.it\/#website","url":"https:\/\/www.sifem.it\/","name":"Sifem","description":"","potentialAction":[{"@type":"SearchAction","target":{"@type":"EntryPoint","urlTemplate":"https:\/\/www.sifem.it\/?s={search_term_string}"},"query-input":"required name=search_term_string"}],"inLanguage":"it-IT"}]}},"_hostinger_reach_plugin_has_subscription_block":false,"_hostinger_reach_plugin_is_elementor":false,"_links":{"self":[{"href":"https:\/\/www.sifem.it\/it\/wp-json\/wp\/v2\/pages\/14","targetHints":{"allow":["GET"]}}],"collection":[{"href":"https:\/\/www.sifem.it\/it\/wp-json\/wp\/v2\/pages"}],"about":[{"href":"https:\/\/www.sifem.it\/it\/wp-json\/wp\/v2\/types\/page"}],"author":[{"embeddable":true,"href":"https:\/\/www.sifem.it\/it\/wp-json\/wp\/v2\/users\/1"}],"replies":[{"embeddable":true,"href":"https:\/\/www.sifem.it\/it\/wp-json\/wp\/v2\/comments?post=14"}],"version-history":[{"count":142,"href":"https:\/\/www.sifem.it\/it\/wp-json\/wp\/v2\/pages\/14\/revisions"}],"predecessor-version":[{"id":3464,"href":"https:\/\/www.sifem.it\/it\/wp-json\/wp\/v2\/pages\/14\/revisions\/3464"}],"wp:attachment":[{"href":"https:\/\/www.sifem.it\/it\/wp-json\/wp\/v2\/media?parent=14"}],"curies":[{"name":"wp","href":"https:\/\/api.w.org\/{rel}","templated":true}]}}